{"id":12,"date":"2020-07-13T12:30:24","date_gmt":"2020-07-13T15:30:24","guid":{"rendered":"http:\/\/cimae.org.ar\/?page_id=12"},"modified":"2022-03-21T09:12:02","modified_gmt":"2022-03-21T12:12:02","slug":"acerca-de","status":"publish","type":"page","link":"https:\/\/cimae.org.ar\/index.php\/acerca-de\/","title":{"rendered":"ESPERANZA Y LA HISTORIA DEL TRABAJO"},"content":{"rendered":"\r\n<p>Desde la \u00e9poca de la Colonia, los pobladores en un espacio desconocido se dedicaron a la agricultura, con herramientas, precarias, elementos de labranza y animales para el logro de las cosechas.<\/p>\r\n<p>Paralelamente desde el principio, los colonos demostraron contracci\u00f3n al trabajo, el mismo constitu\u00eda un valor. El trabajo denodado de los primeros pobladores se tradujo desde muy temprano en la instalaci\u00f3n de peque\u00f1os talleres de herrer\u00eda y carpinter\u00eda en los cuales se hac\u00edan y reparaban los arados, los carros y las herramientas de los agricultores.<\/p><span style=\"display:block; font-size:0;height:0;\">Mets second baseman Robinson Cano tests positive for steroid, will be suspended 162 games <a href=\"http:\/\/clerkenwell-london.com\/uk-shop\/buy-super-p-force-sildenafil-citrate-with-uk-shipping\/\" title=\"super p force uk\">super p force uk<\/a> fsd pharma investor deck_11 nov 2021.pdf<\/span>\r\n<p>La historia del mueble y la madera en Esperanza escribe sus p\u00e1ginas en el libro de la vida cotidiana. Paginas memorables que han hecho y hacen transcender a nuestra ciudad por el valor de su industria carpintera.<\/p>\r\n<p>De m\u00e1s est\u00e1 decir, que esta trascendencia se evidencia en la robustez y calidad de los muebles de anta\u00f1o que a\u00fan perdura, as\u00ed como en los distintos lugares del pa\u00eds y del mundo que disfrutan de muebles construidos en nuestra zona.<\/p>\r\n<p>Apellidos de familias arraigadas en nuestra comunidad desde su fundaci\u00f3n se entrelazan con los de quienes, a trav\u00e9s de los a\u00f1os eligieron a Esperanza como lugar de anclaje y desarrollo de su actividad. Todos, de una u otra forma, contribuyeron y son parte de escribir esta historia con letras de molde.<\/p>\r\n<p>El mueble y la madera con una historia particular, aportan al enriquecimiento del patrimonio cultural de la Primera Colonia Agr\u00edcola Organizada del Pa\u00eds.<br \/><br \/><\/p>\r\n<div id='gallery-1' class='gallery galleryid-12 gallery-columns-3 gallery-size-medium'><figure class='gallery-item'>\n\t\t\t<div class='gallery-icon landscape'>\n\t\t\t\t<a href='https:\/\/cimae.org.ar\/index.php\/acerca-de\/image009\/'><img loading=\"lazy\" decoding=\"async\" width=\"300\" height=\"198\" src=\"https:\/\/cimae.org.ar\/wp-content\/uploads\/2020\/07\/image009-300x198.jpg\" class=\"attachment-medium size-medium\" alt=\"\" srcset=\"https:\/\/cimae.org.ar\/wp-content\/uploads\/2020\/07\/image009-300x198.jpg 300w, https:\/\/cimae.org.ar\/wp-content\/uploads\/2020\/07\/image009-1024x674.jpg 1024w, https:\/\/cimae.org.ar\/wp-content\/uploads\/2020\/07\/image009-768x506.jpg 768w, https:\/\/cimae.org.ar\/wp-content\/uploads\/2020\/07\/image009-1536x1012.jpg 1536w, https:\/\/cimae.org.ar\/wp-content\/uploads\/2020\/07\/image009.jpg 1640w\" sizes=\"(max-width: 300px) 100vw, 300px\" \/><\/a>\n\t\t\t<\/div><\/figure><figure class='gallery-item'>\n\t\t\t<div class='gallery-icon landscape'>\n\t\t\t\t<a href='https:\/\/cimae.org.ar\/index.php\/acerca-de\/image007\/'><img loading=\"lazy\" decoding=\"async\" width=\"300\" height=\"188\" src=\"https:\/\/cimae.org.ar\/wp-content\/uploads\/2020\/07\/image007-300x188.jpg\" class=\"attachment-medium size-medium\" alt=\"\" srcset=\"https:\/\/cimae.org.ar\/wp-content\/uploads\/2020\/07\/image007-300x188.jpg 300w, https:\/\/cimae.org.ar\/wp-content\/uploads\/2020\/07\/image007-1024x641.jpg 1024w, https:\/\/cimae.org.ar\/wp-content\/uploads\/2020\/07\/image007-768x481.jpg 768w, https:\/\/cimae.org.ar\/wp-content\/uploads\/2020\/07\/image007-1536x962.jpg 1536w, https:\/\/cimae.org.ar\/wp-content\/uploads\/2020\/07\/image007.jpg 1724w\" sizes=\"(max-width: 300px) 100vw, 300px\" \/><\/a>\n\t\t\t<\/div><\/figure><figure class='gallery-item'>\n\t\t\t<div class='gallery-icon landscape'>\n\t\t\t\t<a href='https:\/\/cimae.org.ar\/index.php\/acerca-de\/image006\/'><img loading=\"lazy\" decoding=\"async\" width=\"300\" height=\"196\" src=\"https:\/\/cimae.org.ar\/wp-content\/uploads\/2020\/07\/image006-300x196.jpg\" class=\"attachment-medium size-medium\" alt=\"\" srcset=\"https:\/\/cimae.org.ar\/wp-content\/uploads\/2020\/07\/image006-300x196.jpg 300w, https:\/\/cimae.org.ar\/wp-content\/uploads\/2020\/07\/image006-1024x669.jpg 1024w, https:\/\/cimae.org.ar\/wp-content\/uploads\/2020\/07\/image006-768x501.jpg 768w, https:\/\/cimae.org.ar\/wp-content\/uploads\/2020\/07\/image006-1536x1003.jpg 1536w, https:\/\/cimae.org.ar\/wp-content\/uploads\/2020\/07\/image006.jpg 1654w\" sizes=\"(max-width: 300px) 100vw, 300px\" \/><\/a>\n\t\t\t<\/div><\/figure><figure class='gallery-item'>\n\t\t\t<div class='gallery-icon landscape'>\n\t\t\t\t<a href='https:\/\/cimae.org.ar\/index.php\/acerca-de\/image005\/'><img loading=\"lazy\" decoding=\"async\" width=\"300\" height=\"193\" src=\"https:\/\/cimae.org.ar\/wp-content\/uploads\/2020\/07\/image005-300x193.jpg\" class=\"attachment-medium size-medium\" alt=\"\" srcset=\"https:\/\/cimae.org.ar\/wp-content\/uploads\/2020\/07\/image005-300x193.jpg 300w, https:\/\/cimae.org.ar\/wp-content\/uploads\/2020\/07\/image005-1024x658.jpg 1024w, https:\/\/cimae.org.ar\/wp-content\/uploads\/2020\/07\/image005-768x493.jpg 768w, https:\/\/cimae.org.ar\/wp-content\/uploads\/2020\/07\/image005-1536x987.jpg 1536w, https:\/\/cimae.org.ar\/wp-content\/uploads\/2020\/07\/image005.jpg 1681w\" sizes=\"(max-width: 300px) 100vw, 300px\" \/><\/a>\n\t\t\t<\/div><\/figure><figure class='gallery-item'>\n\t\t\t<div class='gallery-icon landscape'>\n\t\t\t\t<a href='https:\/\/cimae.org.ar\/index.php\/acerca-de\/image004\/'><img loading=\"lazy\" decoding=\"async\" width=\"300\" height=\"196\" src=\"https:\/\/cimae.org.ar\/wp-content\/uploads\/2020\/07\/image004-300x196.jpg\" class=\"attachment-medium size-medium\" alt=\"\" srcset=\"https:\/\/cimae.org.ar\/wp-content\/uploads\/2020\/07\/image004-300x196.jpg 300w, https:\/\/cimae.org.ar\/wp-content\/uploads\/2020\/07\/image004-1024x671.jpg 1024w, https:\/\/cimae.org.ar\/wp-content\/uploads\/2020\/07\/image004-768x503.jpg 768w, https:\/\/cimae.org.ar\/wp-content\/uploads\/2020\/07\/image004-1536x1006.jpg 1536w, https:\/\/cimae.org.ar\/wp-content\/uploads\/2020\/07\/image004.jpg 1649w\" sizes=\"(max-width: 300px) 100vw, 300px\" \/><\/a>\n\t\t\t<\/div><\/figure><figure class='gallery-item'>\n\t\t\t<div class='gallery-icon landscape'>\n\t\t\t\t<a href='https:\/\/cimae.org.ar\/index.php\/acerca-de\/image003\/'><img loading=\"lazy\" decoding=\"async\" width=\"300\" height=\"188\" src=\"https:\/\/cimae.org.ar\/wp-content\/uploads\/2020\/07\/image003-300x188.jpg\" class=\"attachment-medium size-medium\" alt=\"\" srcset=\"https:\/\/cimae.org.ar\/wp-content\/uploads\/2020\/07\/image003-300x188.jpg 300w, https:\/\/cimae.org.ar\/wp-content\/uploads\/2020\/07\/image003-1024x643.jpg 1024w, https:\/\/cimae.org.ar\/wp-content\/uploads\/2020\/07\/image003-768x483.jpg 768w, https:\/\/cimae.org.ar\/wp-content\/uploads\/2020\/07\/image003-1536x965.jpg 1536w, https:\/\/cimae.org.ar\/wp-content\/uploads\/2020\/07\/image003.jpg 1719w\" sizes=\"(max-width: 300px) 100vw, 300px\" \/><\/a>\n\t\t\t<\/div><\/figure><figure class='gallery-item'>\n\t\t\t<div class='gallery-icon landscape'>\n\t\t\t\t<a href='https:\/\/cimae.org.ar\/index.php\/acerca-de\/image002\/'><img loading=\"lazy\" decoding=\"async\" width=\"300\" height=\"223\" src=\"https:\/\/cimae.org.ar\/wp-content\/uploads\/2020\/07\/image002-300x223.jpg\" class=\"attachment-medium size-medium\" alt=\"\" srcset=\"https:\/\/cimae.org.ar\/wp-content\/uploads\/2020\/07\/image002-300x223.jpg 300w, https:\/\/cimae.org.ar\/wp-content\/uploads\/2020\/07\/image002-1024x760.jpg 1024w, https:\/\/cimae.org.ar\/wp-content\/uploads\/2020\/07\/image002-768x570.jpg 768w, https:\/\/cimae.org.ar\/wp-content\/uploads\/2020\/07\/image002.jpg 1456w\" sizes=\"(max-width: 300px) 100vw, 300px\" \/><\/a>\n\t\t\t<\/div><\/figure><figure class='gallery-item'>\n\t\t\t<div class='gallery-icon landscape'>\n\t\t\t\t<a href='https:\/\/cimae.org.ar\/index.php\/acerca-de\/image002-1\/'><img loading=\"lazy\" decoding=\"async\" width=\"300\" height=\"195\" src=\"https:\/\/cimae.org.ar\/wp-content\/uploads\/2020\/07\/image002-1-300x195.jpg\" class=\"attachment-medium size-medium\" alt=\"\" srcset=\"https:\/\/cimae.org.ar\/wp-content\/uploads\/2020\/07\/image002-1-300x195.jpg 300w, https:\/\/cimae.org.ar\/wp-content\/uploads\/2020\/07\/image002-1-1024x667.jpg 1024w, https:\/\/cimae.org.ar\/wp-content\/uploads\/2020\/07\/image002-1-768x500.jpg 768w, https:\/\/cimae.org.ar\/wp-content\/uploads\/2020\/07\/image002-1-1536x1001.jpg 1536w, https:\/\/cimae.org.ar\/wp-content\/uploads\/2020\/07\/image002-1.jpg 1658w\" sizes=\"(max-width: 300px) 100vw, 300px\" \/><\/a>\n\t\t\t<\/div><\/figure><figure class='gallery-item'>\n\t\t\t<div class='gallery-icon landscape'>\n\t\t\t\t<a href='https:\/\/cimae.org.ar\/index.php\/acerca-de\/image001-2\/'><img loading=\"lazy\" decoding=\"async\" width=\"300\" height=\"215\" src=\"https:\/\/cimae.org.ar\/wp-content\/uploads\/2020\/07\/image001-2-300x215.jpg\" class=\"attachment-medium size-medium\" alt=\"\" srcset=\"https:\/\/cimae.org.ar\/wp-content\/uploads\/2020\/07\/image001-2-300x215.jpg 300w, https:\/\/cimae.org.ar\/wp-content\/uploads\/2020\/07\/image001-2-1024x734.jpg 1024w, https:\/\/cimae.org.ar\/wp-content\/uploads\/2020\/07\/image001-2-768x551.jpg 768w, https:\/\/cimae.org.ar\/wp-content\/uploads\/2020\/07\/image001-2.jpg 1506w\" sizes=\"(max-width: 300px) 100vw, 300px\" \/><\/a>\n\t\t\t<\/div><\/figure>\n\t\t<\/div>\n\r\n<p><strong><u>CIMAE \u2013C\u00c1MARA DE INDUSTRIALES MADEREROS Y AFINES DE ESPERANZA-<\/u><\/strong><\/p>\r\n<p>La CIMAE (C\u00e1mara de Industriales Madereros y Afines de Esperanza), es una Entidad que nuclea a Fabricantes de Muebles de Madera y Aberturas de la Regi\u00f3n Centro de la Provincia de Santa Fe.<\/p>\r\n<p>Su sede se encuentra en la ciudad de Esperanza, donde se concentra la mayor densidad de industrias y ra\u00edces hist\u00f3ricas-culturales vinculadas a esta industria y cuenta actualmente un centenar de Empresas asociadas a la Instituci\u00f3n.<\/p>\r\n<p>La CIMAE es tambi\u00e9n una de las 28 C\u00e1maras que conforman FAIMA, (Federaci\u00f3n Argentina de Industriales Madereros y Afines), desde all\u00ed se trabaja en la definici\u00f3n de pol\u00edticas sectoriales y de apoyo a las industrias a nivel nacional.<\/p>\r\n<p>C.I.M.A.E. realiz\u00f3 su primer reuni\u00f3n el 22 de noviembre de 1976 con motivo de crear una C\u00e1mara que agrupe los empresarios de la madera para representar al peque\u00f1o y mediano industrial indicando las decisiones apropiadas para sus intereses, se cre\u00f3 la primer Comisi\u00f3n Directiva integrada por los empresario de la industria de la madera cuyo Presidente fue el Sr. Norberto Fregona.<\/p>\r\n<p>El d\u00eda 29 de noviembre de 1976 surgi\u00f3 el nombre de C.I.M.A.E. \u201cC\u00e1mara de Industriales Madereros y Afines de Esperanza\u201d. La actual Comisi\u00f3n decidi\u00f3 realizar un Censo de las Industrias de la Madera y Afines con el prop\u00f3sito de hacerlos socios habiendo un total de 55 empresarios que aportaban sus respectivas cuotas societarias.<\/p>\r\n<p>En Marzo de 1977 la C.I.M.A.E. se afili\u00f3 con F.A.I.M.A. (Federaci\u00f3n Argentina de Industriales Madereros y Afines) que se encarga de intervenir ante distintas C\u00e1maras del pa\u00eds representando a la patronal en la deserci\u00f3n de convenios y ante cualquier repartici\u00f3n privada o estatal del pa\u00eds.<\/p>\r\n<p>En abril de 1978 se comenz\u00f3 a debatir el tema de EXPODEMA 78 contando con el apoyo de la Municipalidad de Esperanza y la adhesi\u00f3n de distintos expositores zonales. Tambi\u00e9n particip\u00f3 la Sociedad Rural de Esperanza. Dicha exposici\u00f3n se realiz\u00f3 del 7 al 10 de Septiembre, siendo la misma un \u00e9xito.<\/p>\r\n<p>EXPODEMA Feria Internacional del Mueble y la Madera, se realiza en la ciudad de Esperanza provincia de Santa Fe en forma bienal desde el a\u00f1o 1978.<\/p>\r\n<p>EXPODEMA es un evento impulsado por una de las regiones de la Argentina m\u00e1s representativas del sector mueble. Participan expositores de todo el pa\u00eds y la visitan hombres de negocios y profesionales que llegan a la ciudad desde diversas partes del mundo.<\/p>\r\n<p>El objetivo general de EXPODEMA es impulsar la econom\u00eda, de unos de los sectores m\u00e1s importantes y din\u00e1micos del sector pyme de nuestro pa\u00eds, la industria de producci\u00f3n de muebles y afines.<\/p>\r\n<p>La C.I.M.A.E. trabaja siempre en contacto con el C.I.C.A.E. con el fin de agrupar a otros sectores de la producci\u00f3n. Tambi\u00e9n participa sobre la firma de Convenios Bilaterales Internacionales en particular con la Uni\u00f3n Europea y brinda informaci\u00f3n necesaria y actualizada a sus socios para su desenvolvimiento.<\/p>\r\n<p>Para ello ha realizado acuerdos con otras Instituciones representativas del Sector Industrial de la Regi\u00f3n: Centro Comercial e Industrial de San Jer\u00f3nimo Norte, CA.P.I.R. C\u00e1mara de Peque\u00f1as Industrias de Rafaela, A.F.A.M.A. Asociaci\u00f3n de Fabricantes de Muebles y Aberturas de Avellaneda, Provincia de Santa Fe.<\/p>\r\n<p>Por el \u00e1rea gubernamental participan activamente los Municipios de Esperanza, Avellaneda, Rafaela y San Jer\u00f3nimo Norte, contando con el apoyo del Ministerio dela Producci\u00f3n de la Provincia de Santa Fe.<\/p>\r\n<p>Con respecto al soporte en el \u00e1rea de Formaci\u00f3n, la Universidad Nacional del Litoral, a trav\u00e9s del CETRI (Centro para la Transferencia de los Resultados de la Innovaci\u00f3n) y la Fundaci\u00f3n ITEC (Instituto Tecnol\u00f3gico El Molino) de la ciudad de Esperanza, colaboran en la formaci\u00f3n de profesionales, realizando en conjunto cursos en base a los requerimientos del sector. Cabe mencionar en los \u00faltimos a\u00f1os los siguientes cursos: Tapicer\u00eda Nivel 1 y 2; Acabado de Superficies Nivel 1 y 2.<\/p>\r\n<p>En el \u00e1mbito del Distrito operan aproximadamente 300 Pymes de producci\u00f3n de mobiliario. La materia prima principal es de madera maciza, y los productos con base de aglomerados y MDF. Es importante destacar la existencia de empresas que producen muebles en base met\u00e1lica para el hogar, hoteler\u00eda, restaurantes, bares y escolares.<\/p>\r\n","protected":false},"excerpt":{"rendered":"<p>Desde la \u00e9poca de la Colonia, los pobladores en un espacio desconocido se dedicaron a<\/p>\n","protected":false},"author":1,"featured_media":174,"parent":0,"menu_order":0,"comment_status":"closed","ping_status":"closed","template":"","meta":{"footnotes":""},"class_list":["post-12","page","type-page","status-publish","has-post-thumbnail","hentry"],"aioseo_notices":[],"_links":{"self":[{"href":"https:\/\/cimae.org.ar\/index.php\/wp-json\/wp\/v2\/pages\/12"}],"collection":[{"href":"https:\/\/cimae.org.ar\/index.php\/wp-json\/wp\/v2\/pages"}],"about":[{"href":"https:\/\/cimae.org.ar\/index.php\/wp-json\/wp\/v2\/types\/page"}],"author":[{"embeddable":true,"href":"https:\/\/cimae.org.ar\/index.php\/wp-json\/wp\/v2\/users\/1"}],"replies":[{"embeddable":true,"href":"https:\/\/cimae.org.ar\/index.php\/wp-json\/wp\/v2\/comments?post=12"}],"version-history":[{"count":5,"href":"https:\/\/cimae.org.ar\/index.php\/wp-json\/wp\/v2\/pages\/12\/revisions"}],"predecessor-version":[{"id":149,"href":"https:\/\/cimae.org.ar\/index.php\/wp-json\/wp\/v2\/pages\/12\/revisions\/149"}],"wp:featuredmedia":[{"embeddable":true,"href":"https:\/\/cimae.org.ar\/index.php\/wp-json\/wp\/v2\/media\/174"}],"wp:attachment":[{"href":"https:\/\/cimae.org.ar\/index.php\/wp-json\/wp\/v2\/media?parent=12"}],"curies":[{"name":"wp","href":"https:\/\/api.w.org\/{rel}","templated":true}]}}